{"id":1595,"date":"2019-08-28T14:21:46","date_gmt":"2019-08-28T13:21:46","guid":{"rendered":"http:\/\/bcgbdc35.fr\/?page_id=1595"},"modified":"2025-11-24T16:07:43","modified_gmt":"2025-11-24T15:07:43","slug":"accueil-bcg-bdc","status":"publish","type":"page","link":"https:\/\/bcgbdc35.fr\/","title":{"rendered":"ACCUEIL &#8211; BCG-BDC"},"content":{"rendered":"\t\t<div data-elementor-type=\"wp-page\" data-elementor-id=\"1595\" class=\"elementor elementor-1595\" data-elementor-settings=\"[]\">\n\t\t\t\t\t\t<div class=\"elementor-inner\">\n\t\t\t\t\t\t\t<div class=\"elementor-section-wrap\">\n\t\t\t\t\t\t\t<section class=\"elementor-section elementor-top-section elementor-element elementor-element-a6688f1 elementor-section-boxed elementor-section-height-default elementor-section-height-default\" data-id=\"a6688f1\" data-element_type=\"section\">\n\t\t\t\t\t\t<div class=\"elementor-container elementor-column-gap-default\">\n\t\t\t\t\t\t\t<div class=\"elementor-row\">\n\t\t\t\t\t<div class=\"elementor-column elementor-col-100 elementor-top-column elementor-element elementor-element-a807d45\" data-id=\"a807d45\" data-element_type=\"column\">\n\t\t\t<div class=\"elementor-column-wrap elementor-element-populated\">\n\t\t\t\t\t\t\t<div class=\"elementor-widget-wrap\">\n\t\t\t\t\t\t<section class=\"elementor-section elementor-inner-section elementor-element elementor-element-6f18e60 elementor-section-boxed elementor-section-height-default elementor-section-height-default\" data-id=\"6f18e60\" data-element_type=\"section\">\n\t\t\t\t\t\t<div class=\"elementor-container elementor-column-gap-default\">\n\t\t\t\t\t\t\t<div class=\"elementor-row\">\n\t\t\t\t\t<div class=\"elementor-column elementor-col-100 elementor-inner-column elementor-element elementor-element-6afa0fc\" data-id=\"6afa0fc\" data-element_type=\"column\">\n\t\t\t<div class=\"elementor-column-wrap elementor-element-populated\">\n\t\t\t\t\t\t\t<div class=\"elementor-widget-wrap\">\n\t\t\t\t\t\t<div class=\"elementor-element elementor-element-d025cc0 elementor-widget elementor-widget-text-editor\" data-id=\"d025cc0\" data-element_type=\"widget\" data-widget_type=\"text-editor.default\">\n\t\t\t\t<div class=\"elementor-widget-container\">\n\t\t\t\t\t\t\t\t<div class=\"elementor-text-editor elementor-clearfix\">\n\t\t\t\t<div lang=\"x-unicode\" style=\"color: #26282a; font-family: 'Helvetica Neue', Helvetica, Arial, sans-serif; font-size: 16px;\"><p><b><span style=\"color: #0080ff;\"><a href=\"http:\/\/bcgbdc35.fr\/wp-content\/uploads\/2025\/11\/LIVRET-DACCUEIL-VF.pdf\">LIVRET D&rsquo;ACCUEIL 25\/26<\/a><\/span><\/b><\/p><p><b><span style=\"color: #0080ff;\">INSCRIPTIONS SAISON 2025 &#8211; 2026<\/span><\/b><\/p><p>Les r\u00e9inscriptions sont d\u00e8s \u00e0 pr\u00e9sent possibles pour la saison prochaine, cette ann\u00e9e deux m\u00e9thodes possibles :<\/p><div dir=\"ltr\"><p>-&gt;\u00a0<u>en ligne<\/u>\u00a0<img style=\"height: 1.2em; width: 1.2em;\" draggable=\"false\" src=\"https:\/\/fonts.gstatic.com\/s\/e\/notoemoji\/15.1\/1f60e\/32.png\" alt=\"\ud83d\ude0e\" data-emoji=\"\ud83d\ude0e\" aria-label=\"\ud83d\ude0e\" \/>: les inscriptions par internet sont possibles ! C&rsquo;est rapide et pr\u00e9rempli (dans le cadre d&rsquo;un renouvellement), le r\u00e8glement ce fait \u00e9galement en ligne, la validation de tarifications sp\u00e9cifiques (coupons sports &#8211; joueurs ext\u00e9rieurs &#8211; &#8230; ) est g\u00e9r\u00e9e avec les membres du bureau ou Cyril directement. Notez qu&rsquo;il faut effectuer le r\u00e9glement complet en ligne et les modes sp\u00e9cifiques sont pris en comptes apr\u00e8s coup avec un remboursement.<\/p><div>\u00a0<\/div><\/div><div><p>-&gt;\u00a0<u>forums des associations\u00a0<\/u>: \u00e0 Guichen ou Bourg des Comptes le 6 Septembre, o\u00f9 vous pourrez r\u00e9cup\u00e9rer le lien d&rsquo;inscription et o\u00f9 nous pourrons r\u00e9pondre \u00e0 vos questions.<\/p><p>\u00a0<\/p><div>Pour information, en ce d\u00e9but de saison les multi-cr\u00e9neaux adultes \u00ab\u00a0loisirs\u00a0\u00bb encadr\u00e9s (lundi ET jeudi) ne sont pas autoris\u00e9s, la question sera \u00e9tudi\u00e9e en fonction des effectifs.<\/div><p>3 \u00e9tapes \u00e0 retenir :<\/p><p>&#8211; inscription en ligne (ou r\u00e9inscription)<br clear=\"none\" \/>&#8211; validation du dossier par le club<br clear=\"none\" \/>&#8211; vous recevez ensuite une notification par mail pour effectuer le r\u00e8glement<\/p><p>L&rsquo;inscription est effective une fois le r\u00e8glement confirm\u00e9.<\/p><p>\u00a0<\/p><div dir=\"ltr\">Pour les nouveaux adh\u00e9rents c&rsquo;est par ici que \u00e7a se passe (depuis le 15 ao\u00fbt):<\/div><div dir=\"ltr\"><a style=\"color: #1155cc;\" href=\"https:\/\/adherer.ffbad.club\/bcgbdc35\" target=\"_blank\" rel=\"nofollow noopener\" shape=\"rect\" data-saferedirecturl=\"https:\/\/www.google.com\/url?q=https:\/\/adherer.ffbad.club\/bcgbdc35&amp;source=gmail&amp;ust=1724413322318000&amp;usg=AOvVaw3jnWsaXHQ-hCyc745WqQ_c\">Adh\u00e9sions<\/a><\/div><p>\u00a0<\/p><div dir=\"ltr\">Pour les renouvellements, c&rsquo;est via les profils myffbad, mais le lien de nouvelle adh\u00e9sion devrait aussi fonctionner :<\/div><div dir=\"ltr\"><a style=\"color: #1155cc;\" href=\"https:\/\/myffbad.fr\/connexion\" target=\"_blank\" rel=\"nofollow noopener\" shape=\"rect\" data-saferedirecturl=\"https:\/\/www.google.com\/url?q=https:\/\/myffbad.fr\/connexion&amp;source=gmail&amp;ust=1724413322318000&amp;usg=AOvVaw0NT3yFrATwUAuRJs9pjqbI\">MYFFBaD<\/a><\/div><p>\u00a0<\/p><\/div><\/div><div style=\"color: #26282a; font-family: 'Helvetica Neue', Helvetica, Arial, sans-serif; font-size: 16px;\"><div lang=\"x-unicode\">Pour les renouvellements (connexion \u00e0 myffbad) le num\u00e9ro de licence est demand\u00e9.<\/div><div lang=\"x-unicode\"><p>Vous pouvez le retrouver en pj<\/p><div>\u00a0<\/div><\/div><div><div lang=\"x-unicode\">\u00a0<\/div><div dir=\"ltr\" lang=\"x-unicode\">Le certificat m\u00e9dical n&rsquo;est plus obligatoire !<\/div><\/div><\/div><div style=\"color: #26282a; font-family: 'Helvetica Neue', Helvetica, Arial, sans-serif; font-size: 16px;\"><div dir=\"ltr\" lang=\"x-unicode\"><div><p><a style=\"color: #1155cc;\" href=\"https:\/\/badminton35.fr\/prise-de-licence-suppression-de-la-fourniture-obligatoire-du-certificat-medical\/\" target=\"_blank\" rel=\"nofollow noopener\" shape=\"rect\" data-saferedirecturl=\"https:\/\/www.google.com\/url?q=https:\/\/badminton35.fr\/prise-de-licence-suppression-de-la-fourniture-obligatoire-du-certificat-medical\/&amp;source=gmail&amp;ust=1724413322318000&amp;usg=AOvVaw3jXIqmY7wcxHxexCIoPv_z\">https:\/\/badminton35.fr\/prise-<wbr \/>de-licence-suppression-de-la-<wbr \/>fourniture-obligatoire-du-<wbr \/>certificat-medical\/<\/a><\/p><p>Passez une belle p\u00e9riode estivale !<\/p><p>Le Bureau<\/p><\/div><\/div><\/div>\t\t\t\t\t<\/div>\n\t\t\t\t\t\t<\/div>\n\t\t\t\t<\/div>\n\t\t\t\t\t\t<\/div>\n\t\t\t\t\t<\/div>\n\t\t<\/div>\n\t\t\t\t\t\t\t\t<\/div>\n\t\t\t\t\t<\/div>\n\t\t<\/section>\n\t\t\t\t\t\t<\/div>\n\t\t\t\t\t<\/div>\n\t\t<\/div>\n\t\t\t\t\t\t\t\t<\/div>\n\t\t\t\t\t<\/div>\n\t\t<\/section>\n\t\t\t\t<section class=\"elementor-section elementor-top-section elementor-element elementor-element-5bc8c48 elementor-section-boxed elementor-section-height-default elementor-section-height-default\" data-id=\"5bc8c48\" data-element_type=\"section\">\n\t\t\t\t\t\t<div class=\"elementor-container elementor-column-gap-default\">\n\t\t\t\t\t\t\t<div class=\"elementor-row\">\n\t\t\t\t\t<div class=\"elementor-column elementor-col-100 elementor-top-column elementor-element elementor-element-0ad28ad\" data-id=\"0ad28ad\" data-element_type=\"column\">\n\t\t\t<div class=\"elementor-column-wrap elementor-element-populated\">\n\t\t\t\t\t\t\t<div class=\"elementor-widget-wrap\">\n\t\t\t\t\t\t<div class=\"elementor-element elementor-element-ec9da87 elementor-widget elementor-widget-heading\" data-id=\"ec9da87\" data-element_type=\"widget\" data-widget_type=\"heading.default\">\n\t\t\t\t<div class=\"elementor-widget-container\">\n\t\t\t<h2 class=\"elementor-heading-title elementor-size-default\">Ils nous soutiennent cette saison ! <\/h2>\t\t<\/div>\n\t\t\t\t<\/div>\n\t\t\t\t\t\t<\/div>\n\t\t\t\t\t<\/div>\n\t\t<\/div>\n\t\t\t\t\t\t\t\t<\/div>\n\t\t\t\t\t<\/div>\n\t\t<\/section>\n\t\t\t\t<section class=\"elementor-section elementor-top-section elementor-element elementor-element-bf5f1c8 elementor-section-full_width elementor-section-content-middle elementor-section-height-default elementor-section-height-default\" data-id=\"bf5f1c8\" data-element_type=\"section\">\n\t\t\t\t\t\t<div class=\"elementor-container elementor-column-gap-default\">\n\t\t\t\t\t\t\t<div class=\"elementor-row\">\n\t\t\t\t\t<div class=\"elementor-column elementor-col-100 elementor-top-column elementor-element elementor-element-ff3b366\" data-id=\"ff3b366\" data-element_type=\"column\">\n\t\t\t<div class=\"elementor-column-wrap elementor-element-populated\">\n\t\t\t\t\t\t\t<div class=\"elementor-widget-wrap\">\n\t\t\t\t\t\t<div class=\"elementor-element elementor-element-dafc4c8 elementor-arrows-position-inside elementor-pagination-position-outside elementor-widget elementor-widget-image-carousel\" data-id=\"dafc4c8\" data-element_type=\"widget\" data-settings=\"{&quot;slides_to_show&quot;:&quot;3&quot;,&quot;slides_to_scroll&quot;:&quot;3&quot;,&quot;autoplay_speed&quot;:5100,&quot;speed&quot;:400,&quot;navigation&quot;:&quot;both&quot;,&quot;autoplay&quot;:&quot;yes&quot;,&quot;pause_on_hover&quot;:&quot;yes&quot;,&quot;pause_on_interaction&quot;:&quot;yes&quot;,&quot;infinite&quot;:&quot;yes&quot;}\" data-widget_type=\"image-carousel.default\">\n\t\t\t\t<div class=\"elementor-widget-container\">\n\t\t\t\t\t<div class=\"elementor-image-carousel-wrapper swiper-container\" dir=\"ltr\">\n\t\t\t<div class=\"elementor-image-carousel swiper-wrapper\">\n\t\t\t\t\t\t\t\t<div class=\"swiper-slide\"><figure class=\"swiper-slide-inner\"><img class=\"swiper-slide-image\" src=\"https:\/\/bcgbdc35.fr\/wp-content\/uploads\/2023\/12\/Capture-decran-2023-09-07-215547.png\" alt=\"Capture d&#039;\u00e9cran 2023-09-07 215547\" \/><\/figure><\/div><div class=\"swiper-slide\"><figure class=\"swiper-slide-inner\"><img class=\"swiper-slide-image\" src=\"https:\/\/bcgbdc35.fr\/wp-content\/uploads\/2022\/03\/logo-bdc.png\" alt=\"logo bdc\" \/><\/figure><\/div><div class=\"swiper-slide\"><figure class=\"swiper-slide-inner\"><img class=\"swiper-slide-image\" src=\"https:\/\/bcgbdc35.fr\/wp-content\/uploads\/2023\/12\/logo-region-bretagne.png\" alt=\"logo-region-bretagne\" \/><\/figure><\/div><div class=\"swiper-slide\"><figure class=\"swiper-slide-inner\"><img class=\"swiper-slide-image\" src=\"https:\/\/bcgbdc35.fr\/wp-content\/uploads\/2023\/12\/Capture-decran-2023-08-29-134653.png\" alt=\"Capture d&#039;\u00e9cran 2023-08-29 134653\" \/><\/figure><\/div><div class=\"swiper-slide\"><figure class=\"swiper-slide-inner\"><img class=\"swiper-slide-image\" src=\"https:\/\/bcgbdc35.fr\/wp-content\/uploads\/2023\/12\/Logo-500x308-1.png\" alt=\"Logo-500x308\" \/><\/figure><\/div><div class=\"swiper-slide\"><figure class=\"swiper-slide-inner\"><img class=\"swiper-slide-image\" src=\"https:\/\/bcgbdc35.fr\/wp-content\/uploads\/2023\/12\/cropped-logo.codep-total-blanc-970x1024.png.webp\" alt=\"cropped-logo.codep-total-blanc-970x1024.png\" \/><\/figure><\/div><div class=\"swiper-slide\"><figure class=\"swiper-slide-inner\"><img class=\"swiper-slide-image\" src=\"https:\/\/bcgbdc35.fr\/wp-content\/uploads\/2016\/06\/yonex.jpg\" alt=\"yonex\" \/><\/figure><\/div><div class=\"swiper-slide\"><figure class=\"swiper-slide-inner\"><img class=\"swiper-slide-image\" src=\"https:\/\/bcgbdc35.fr\/wp-content\/uploads\/2019\/09\/Solibad.png\" alt=\"Solibad\" \/><\/figure><\/div><div class=\"swiper-slide\"><figure class=\"swiper-slide-inner\"><img class=\"swiper-slide-image\" src=\"https:\/\/bcgbdc35.fr\/wp-content\/uploads\/2025\/01\/Capture-decran-2025-01-09-133651.png\" alt=\"Capture d\u2019\u00e9cran 2025-01-09 133651\" \/><\/figure><\/div><div class=\"swiper-slide\"><figure class=\"swiper-slide-inner\"><img class=\"swiper-slide-image\" src=\"https:\/\/bcgbdc35.fr\/wp-content\/uploads\/2025\/01\/cropped-logo-gargentua.jpg\" alt=\"cropped-logo-gargentua\" \/><\/figure><\/div><div class=\"swiper-slide\"><figure class=\"swiper-slide-inner\"><img class=\"swiper-slide-image\" src=\"https:\/\/bcgbdc35.fr\/wp-content\/uploads\/2025\/01\/Capture-decran-2025-01-09-131749.png\" alt=\"Capture d\u2019\u00e9cran 2025-01-09 131749\" \/><\/figure><\/div><div class=\"swiper-slide\"><figure class=\"swiper-slide-inner\"><img class=\"swiper-slide-image\" src=\"https:\/\/bcgbdc35.fr\/wp-content\/uploads\/2025\/01\/b1b5aa_c364aa74d95c4eff9e8b211fa15dc088mv2.png\" alt=\"b1b5aa_c364aa74d95c4eff9e8b211fa15dc088~mv2\" \/><\/figure><\/div><div class=\"swiper-slide\"><figure class=\"swiper-slide-inner\"><img class=\"swiper-slide-image\" src=\"https:\/\/bcgbdc35.fr\/wp-content\/uploads\/2025\/01\/logo-atol.jpg\" alt=\"logo atol\" \/><\/figure><\/div><div class=\"swiper-slide\"><figure class=\"swiper-slide-inner\"><img class=\"swiper-slide-image\" src=\"https:\/\/bcgbdc35.fr\/wp-content\/uploads\/2025\/01\/images-2.png\" alt=\"images\" \/><\/figure><\/div><div class=\"swiper-slide\"><figure class=\"swiper-slide-inner\"><img class=\"swiper-slide-image\" src=\"https:\/\/bcgbdc35.fr\/wp-content\/uploads\/2025\/01\/659458a6310000534d4fa754-e1736426704457.jpg\" alt=\"659458a6310000534d4fa754\" \/><\/figure><\/div><div class=\"swiper-slide\"><figure class=\"swiper-slide-inner\"><img class=\"swiper-slide-image\" src=\"https:\/\/bcgbdc35.fr\/wp-content\/uploads\/2025\/01\/logo-CMB.jpg\" alt=\"logo-CMB\" \/><\/figure><\/div><div class=\"swiper-slide\"><figure class=\"swiper-slide-inner\"><img class=\"swiper-slide-image\" src=\"https:\/\/bcgbdc35.fr\/wp-content\/uploads\/2025\/01\/Capture-decran-2025-01-09-134055.png\" alt=\"Capture d\u2019\u00e9cran 2025-01-09 134055\" \/><\/figure><\/div><div class=\"swiper-slide\"><figure class=\"swiper-slide-inner\"><img class=\"swiper-slide-image\" src=\"https:\/\/bcgbdc35.fr\/wp-content\/uploads\/2025\/01\/logo-magasin-vert.png\" alt=\"logo-magasin-vert\" \/><\/figure><\/div><div class=\"swiper-slide\"><figure class=\"swiper-slide-inner\"><img class=\"swiper-slide-image\" src=\"https:\/\/bcgbdc35.fr\/wp-content\/uploads\/2025\/01\/Capture-decran-2025-01-09-131440.png\" alt=\"Capture d\u2019\u00e9cran 2025-01-09 131440\" \/><\/figure><\/div><div class=\"swiper-slide\"><figure class=\"swiper-slide-inner\"><img class=\"swiper-slide-image\" src=\"https:\/\/bcgbdc35.fr\/wp-content\/uploads\/2025\/01\/cimm-immobilier-logo.png\" alt=\"cimm immobilier logo\" \/><\/figure><\/div><div class=\"swiper-slide\"><figure class=\"swiper-slide-inner\"><img class=\"swiper-slide-image\" src=\"https:\/\/bcgbdc35.fr\/wp-content\/uploads\/2025\/01\/logo.png\" alt=\"logo\" \/><\/figure><\/div><div class=\"swiper-slide\"><figure class=\"swiper-slide-inner\"><img class=\"swiper-slide-image\" src=\"https:\/\/bcgbdc35.fr\/wp-content\/uploads\/2025\/01\/Logo-Ecocuisine-300x150-1.png\" alt=\"Logo-Ecocuisine-300x150\" \/><\/figure><\/div><div class=\"swiper-slide\"><figure class=\"swiper-slide-inner\"><img class=\"swiper-slide-image\" src=\"https:\/\/bcgbdc35.fr\/wp-content\/uploads\/2023\/12\/Chez-Ai-1.png\" alt=\"Chez A\u00ef\" \/><\/figure><\/div><div class=\"swiper-slide\"><figure class=\"swiper-slide-inner\"><img class=\"swiper-slide-image\" src=\"https:\/\/bcgbdc35.fr\/wp-content\/uploads\/2025\/01\/images.png\" alt=\"images\" \/><\/figure><\/div><div class=\"swiper-slide\"><figure class=\"swiper-slide-inner\"><img class=\"swiper-slide-image\" src=\"https:\/\/bcgbdc35.fr\/wp-content\/uploads\/2025\/01\/habitat-durable-logo2.jpg\" alt=\"habitat-durable-logo2\" \/><\/figure><\/div><div class=\"swiper-slide\"><figure class=\"swiper-slide-inner\"><img class=\"swiper-slide-image\" src=\"https:\/\/bcgbdc35.fr\/wp-content\/uploads\/2025\/01\/Logo_header1.png\" alt=\"Logo_header1\" \/><\/figure><\/div><div class=\"swiper-slide\"><figure class=\"swiper-slide-inner\"><img class=\"swiper-slide-image\" src=\"https:\/\/bcgbdc35.fr\/wp-content\/uploads\/2025\/01\/414480371_804740488331995_7544913049901535757_n.jpg\" alt=\"414480371_804740488331995_7544913049901535757_n\" \/><\/figure><\/div><div class=\"swiper-slide\"><figure class=\"swiper-slide-inner\"><img class=\"swiper-slide-image\" src=\"https:\/\/bcgbdc35.fr\/wp-content\/uploads\/2025\/01\/larg_20221124094313logo-la-boulangerie-d-a-cote.jpg\" alt=\"larg_20221124094313logo-la-boulangerie-d-a-cote\" \/><\/figure><\/div><div class=\"swiper-slide\"><figure class=\"swiper-slide-inner\"><img class=\"swiper-slide-image\" src=\"https:\/\/bcgbdc35.fr\/wp-content\/uploads\/2025\/01\/Capture-decran-2025-01-09-133935.png\" alt=\"Capture d\u2019\u00e9cran 2025-01-09 133935\" \/><\/figure><\/div><div class=\"swiper-slide\"><figure class=\"swiper-slide-inner\"><img class=\"swiper-slide-image\" src=\"https:\/\/bcgbdc35.fr\/wp-content\/uploads\/2025\/01\/images-1.png\" alt=\"images\" \/><\/figure><\/div>\t\t\t<\/div>\n\t\t\t\t\t\t\t\t\t\t\t\t<div class=\"swiper-pagination\"><\/div>\n\t\t\t\t\t\t\t\t\t\t\t\t\t<div class=\"elementor-swiper-button elementor-swiper-button-prev\">\n\t\t\t\t\t\t<i aria-hidden=\"true\" class=\"eicon-chevron-left\"><\/i>\t\t\t\t\t\t<span class=\"elementor-screen-only\">Pr\u00e9c\u00e9dent<\/span>\n\t\t\t\t\t<\/div>\n\t\t\t\t\t<div class=\"elementor-swiper-button elementor-swiper-button-next\">\n\t\t\t\t\t\t<i aria-hidden=\"true\" class=\"eicon-chevron-right\"><\/i>\t\t\t\t\t\t<span class=\"elementor-screen-only\">Suivant<\/span>\n\t\t\t\t\t<\/div>\n\t\t\t\t\t\t\t\t\t<\/div>\n\t\t\t\t<\/div>\n\t\t\t\t<\/div>\n\t\t\t\t\t\t<\/div>\n\t\t\t\t\t<\/div>\n\t\t<\/div>\n\t\t\t\t\t\t\t\t<\/div>\n\t\t\t\t\t<\/div>\n\t\t<\/section>\n\t\t\t\t<section class=\"elementor-section elementor-top-section elementor-element elementor-element-c2aa096 elementor-section-boxed elementor-section-height-default elementor-section-height-default\" data-id=\"c2aa096\" data-element_type=\"section\">\n\t\t\t\t\t\t<div class=\"elementor-container elementor-column-gap-default\">\n\t\t\t\t\t\t\t<div class=\"elementor-row\">\n\t\t\t\t\t<div class=\"elementor-column elementor-col-100 elementor-top-column elementor-element elementor-element-d4096fb\" data-id=\"d4096fb\" data-element_type=\"column\">\n\t\t\t<div class=\"elementor-column-wrap\">\n\t\t\t\t\t\t\t<div class=\"elementor-widget-wrap\">\n\t\t\t\t\t\t\t\t<\/div>\n\t\t\t\t\t<\/div>\n\t\t<\/div>\n\t\t\t\t\t\t\t\t<\/div>\n\t\t\t\t\t<\/div>\n\t\t<\/section>\n\t\t\t\t<section class=\"elementor-section elementor-top-section elementor-element elementor-element-f482134 elementor-section-boxed elementor-section-height-default elementor-section-height-default\" data-id=\"f482134\" data-element_type=\"section\">\n\t\t\t\t\t\t<div class=\"elementor-container elementor-column-gap-default\">\n\t\t\t\t\t\t\t<div class=\"elementor-row\">\n\t\t\t\t\t<div class=\"elementor-column elementor-col-100 elementor-top-column elementor-element elementor-element-23296bf\" data-id=\"23296bf\" data-element_type=\"column\">\n\t\t\t<div class=\"elementor-column-wrap elementor-element-populated\">\n\t\t\t\t\t\t\t<div class=\"elementor-widget-wrap\">\n\t\t\t\t\t\t<section class=\"elementor-section elementor-inner-section elementor-element elementor-element-285b03f elementor-section-boxed elementor-section-height-default elementor-section-height-default\" data-id=\"285b03f\" data-element_type=\"section\">\n\t\t\t\t\t\t<div class=\"elementor-container elementor-column-gap-default\">\n\t\t\t\t\t\t\t<div class=\"elementor-row\">\n\t\t\t\t\t<div class=\"elementor-column elementor-col-50 elementor-inner-column elementor-element elementor-element-096c260\" data-id=\"096c260\" data-element_type=\"column\">\n\t\t\t<div class=\"elementor-column-wrap\">\n\t\t\t\t\t\t\t<div class=\"elementor-widget-wrap\">\n\t\t\t\t\t\t\t\t<\/div>\n\t\t\t\t\t<\/div>\n\t\t<\/div>\n\t\t\t\t<div class=\"elementor-column elementor-col-50 elementor-inner-column elementor-element elementor-element-2398f20\" data-id=\"2398f20\" data-element_type=\"column\">\n\t\t\t<div class=\"elementor-column-wrap\">\n\t\t\t\t\t\t\t<div class=\"elementor-widget-wrap\">\n\t\t\t\t\t\t\t\t<\/div>\n\t\t\t\t\t<\/div>\n\t\t<\/div>\n\t\t\t\t\t\t\t\t<\/div>\n\t\t\t\t\t<\/div>\n\t\t<\/section>\n\t\t\t\t\t\t<\/div>\n\t\t\t\t\t<\/div>\n\t\t<\/div>\n\t\t\t\t\t\t\t\t<\/div>\n\t\t\t\t\t<\/div>\n\t\t<\/section>\n\t\t\t\t\t\t<\/div>\n\t\t\t\t\t\t<\/div>\n\t\t\t\t\t<\/div>\n\t\t","protected":false},"excerpt":{"rendered":"<p>INSCRIPTIONS SAISON 2024 &#8211; 2025 Les r\u00e9inscriptions sont d\u00e8s \u00e0 pr\u00e9sent possibles pour la saison prochaine, cette ann\u00e9e deux m\u00e9thodes possibles : -&gt;\u00a0en ligne\u00a0: les inscriptions par internet sont possibles ! C&rsquo;est rapide et pr\u00e9rempli (dans le cadre d&rsquo;un renouvellement), le r\u00e8glement ce fait \u00e9galement en ligne, la validation de tarifications sp\u00e9cifiques (coupons sports &#8211; [&hellip;]<\/p>\n","protected":false},"author":6,"featured_media":0,"parent":0,"menu_order":0,"comment_status":"closed","ping_status":"closed","template":"","meta":{"_monsterinsights_skip_tracking":false,"_monsterinsights_sitenote_active":false,"_monsterinsights_sitenote_note":"","_monsterinsights_sitenote_category":0},"_links":{"self":[{"href":"https:\/\/bcgbdc35.fr\/index.php\/wp-json\/wp\/v2\/pages\/1595"}],"collection":[{"href":"https:\/\/bcgbdc35.fr\/index.php\/wp-json\/wp\/v2\/pages"}],"about":[{"href":"https:\/\/bcgbdc35.fr\/index.php\/wp-json\/wp\/v2\/types\/page"}],"author":[{"embeddable":true,"href":"https:\/\/bcgbdc35.fr\/index.php\/wp-json\/wp\/v2\/users\/6"}],"replies":[{"embeddable":true,"href":"https:\/\/bcgbdc35.fr\/index.php\/wp-json\/wp\/v2\/comments?post=1595"}],"version-history":[{"count":223,"href":"https:\/\/bcgbdc35.fr\/index.php\/wp-json\/wp\/v2\/pages\/1595\/revisions"}],"predecessor-version":[{"id":3208,"href":"https:\/\/bcgbdc35.fr\/index.php\/wp-json\/wp\/v2\/pages\/1595\/revisions\/3208"}],"wp:attachment":[{"href":"https:\/\/bcgbdc35.fr\/index.php\/wp-json\/wp\/v2\/media?parent=1595"}],"curies":[{"name":"wp","href":"https:\/\/api.w.org\/{rel}","templated":true}]}}