{"id":1809,"date":"2019-09-12T13:19:44","date_gmt":"2019-09-12T12:19:44","guid":{"rendered":"http:\/\/bcgbdc35.fr\/?page_id=1809"},"modified":"2025-11-24T15:45:40","modified_gmt":"2025-11-24T14:45:40","slug":"contacts","status":"publish","type":"page","link":"https:\/\/bcgbdc35.fr\/index.php\/contacts\/","title":{"rendered":"Contacts"},"content":{"rendered":"\n\n<table id=\"tablepress-8\" class=\"tablepress tablepress-id-8\">\n<thead>\n<tr class=\"row-1 odd\">\n\t<th class=\"column-1\">&nbsp;<\/th><th class=\"column-2\">&nbsp;<\/th><th class=\"column-3\"><strong>Pour vos courriers :<\/strong><\/th>\n<\/tr>\n<\/thead>\n<tbody class=\"row-hover\">\n<tr class=\"row-2 even\">\n\t<td class=\"column-1\"><\/td><td class=\"column-2\"><strong>Si\u00e8ge social<\/strong><\/td><td class=\"column-3\"><strong>Si\u00e8ge administratif<\/strong><\/td>\n<\/tr>\n<tr class=\"row-3 odd\">\n\t<td class=\"column-1\"><em>N\u00b0 SIRET : 44218238200014<\/em><br \/>\n<em>Agr\u00e9ment Jeunesse et Sport : 9935S21<\/em><\/td><td class=\"column-2\"><em>Badminton Club <br \/>\nde Guichen \/ Bourg des Comptes<br \/>\nRue de la Mairie<br \/>\n35 890 Bourg des Comptes<\/em><\/td><td class=\"column-3\">Badminton Club <br \/>\nde Guichen \/ Bourg des Comptes<br \/>\nMaison des Associations<br \/>\n43 Rue de Fagues<br \/>\n35 580 Guichen<\/td>\n<\/tr>\n<tr class=\"row-4 even\">\n\t<td class=\"column-1\"><\/td><td class=\"column-2\"><\/td><td class=\"column-3\">T\u00e9l : 07 88 24 51 59<\/td>\n<\/tr>\n<tr class=\"row-5 odd\">\n\t<td class=\"column-1\"><\/td><td class=\"column-2\"><p style=\"text-align: right;\">adresse mail : <\/p><\/td><td class=\"column-3\"><strong>guichen_bdc@yahoo.fr<\/strong><\/td>\n<\/tr>\n<tr class=\"row-6 even\">\n\t<td class=\"column-1\"><\/td><td class=\"column-2\"><\/td><td class=\"column-3\"><\/td>\n<\/tr>\n<tr class=\"row-7 odd\">\n\t<td class=\"column-1\"><\/td><td class=\"column-2\"><p style=\"text-align: right;\"><em>si vous avez un commentaire ou <br \/>\nune suggestion \u00e0 faire,<br \/>\nune question \u00e0 poser sur ce site<br \/>\ninternet, adressez-vous \u00e0 <\/em><\/p><\/td><td class=\"column-3\"><em>bcg.bdc@gmail.com<\/em><\/td>\n<\/tr>\n<\/tbody>\n<\/table>\n<!-- #tablepress-8 from cache -->\n\n\n\n<h2 id=\"tablepress-2-name\" class=\"tablepress-table-name tablepress-table-name-id-2\">Les membres du bureau<\/h2>\n\n<table id=\"tablepress-2\" class=\"tablepress tablepress-id-2\" aria-labelledby=\"tablepress-2-name\">\n<thead>\n<tr class=\"row-1 odd\">\n\t<th class=\"column-1\">Fonction \ud83d\udcbc<\/th><th class=\"column-2\">Pr\u00e9nom \/ Nom \ud83e\udeaa<\/th><th class=\"column-3\">Telephone \ud83d\udcde<\/th><th class=\"column-4\">Adresse mail \uff20<\/th>\n<\/tr>\n<\/thead>\n<tbody class=\"row-hover\">\n<tr class=\"row-2 even\">\n\t<td class=\"column-1\">Pr\u00e9sident<\/td><td class=\"column-2\">Sebastien Hur\u00e9<br \/>\n<\/td><td class=\"column-3\">06.75.67.54.85<\/td><td class=\"column-4\">presidence.bcgbdc@gmail.com<\/td>\n<\/tr>\n<tr class=\"row-3 odd\">\n\t<td class=\"column-1\">Vice-Pr\u00e9sident<\/td><td class=\"column-2\">Oc\u00e9ane Arnal<\/td><td class=\"column-3\"><\/td><td class=\"column-4\">presidence.bcgbdc@gmail.com<\/td>\n<\/tr>\n<tr class=\"row-4 even\">\n\t<td class=\"column-1\">Secr\u00e9taire<\/td><td class=\"column-2\">Virgile Houtin<\/td><td class=\"column-3\"><\/td><td class=\"column-4\">guichenbdc.gestionbad@gmail.com<\/td>\n<\/tr>\n<tr class=\"row-5 odd\">\n\t<td class=\"column-1\">Secr\u00e9taire Adjoint<\/td><td class=\"column-2\">Charlotte Bertrand<\/td><td class=\"column-3\"><\/td><td class=\"column-4\">guichenbdc.gestionbad@gmail.com<\/td>\n<\/tr>\n<tr class=\"row-6 even\">\n\t<td class=\"column-1\">Tr\u00e9sorier<\/td><td class=\"column-2\">Arnaud Remy<\/td><td class=\"column-3\"><\/td><td class=\"column-4\">tresorerie.guichen@gmail.com<\/td>\n<\/tr>\n<tr class=\"row-7 odd\">\n\t<td class=\"column-1\">Tr\u00e9sorier adjoint<\/td><td class=\"column-2\">Lucie Lechoisne<\/td><td class=\"column-3\"><\/td><td class=\"column-4\">tresorerie.guichen@gmail.com<\/td>\n<\/tr>\n<\/tbody>\n<\/table>\n\n\n\n\n<h2 id=\"tablepress-7-name\" class=\"tablepress-table-name tablepress-table-name-id-7\">Les entra\u00eeneurs<\/h2>\n\n<table id=\"tablepress-7\" class=\"tablepress tablepress-id-7\" aria-labelledby=\"tablepress-7-name\">\n<thead>\n<tr class=\"row-1 odd\">\n\t<th class=\"column-1\">FONCTION \ud83d\udcbc<\/th><th class=\"column-2\">PRENOM \/ NOM \ud83e\udeaa<\/th><th class=\"column-3\">TELEPHONE \ud83d\udcde<\/th><th class=\"column-4\">ADRESSE MAIL \uff20<\/th>\n<\/tr>\n<\/thead>\n<tbody class=\"row-hover\">\n<tr class=\"row-2 even\">\n\t<td class=\"column-1\">Entra\u00eeneur Salari\u00e9<\/td><td class=\"column-2\">Cyril Blandeau<\/td><td class=\"column-3\">07 88 24 51 59<\/td><td class=\"column-4\">guichen_bdc@yahoo.fr<\/td>\n<\/tr>\n<tr class=\"row-3 odd\">\n\t<td class=\"column-1\">Entra\u00eeneur b\u00e9n\u00e9vole<\/td><td class=\"column-2\"><\/td><td class=\"column-3\"><\/td><td class=\"column-4\"><\/td>\n<\/tr>\n<\/tbody>\n<\/table>\n\n\n\n\n<hr\/>\n\n\n<h2 id=\"tablepress-3-name\" class=\"tablepress-table-name tablepress-table-name-id-3\">Renseignements Tournois<\/h2>\n\n<table id=\"tablepress-3\" class=\"tablepress tablepress-id-3\" aria-labelledby=\"tablepress-3-name\">\n<thead>\n<tr class=\"row-1 odd\">\n\t<th class=\"column-1\">RENSEIGNEMENTS \ud83d\udcca<\/th><th class=\"column-2\">PRENOM \/ NOM \ud83e\udeaa<\/th><th class=\"column-3\">ADRESSE MAIL \uff20<\/th>\n<\/tr>\n<\/thead>\n<tbody class=\"row-hover\">\n<tr class=\"row-2 even\">\n\t<td class=\"column-1\"><\/td><td class=\"column-2\">Cyril Blandeau <\/td><td class=\"column-3\">Guichen_bdc@yahoo.fr<\/td>\n<\/tr>\n<\/tbody>\n<\/table>\n\n\n\n[table &#8220;6&#8221; not found \/]<br \/>\n\n","protected":false},"excerpt":{"rendered":"","protected":false},"author":6,"featured_media":0,"parent":0,"menu_order":0,"comment_status":"closed","ping_status":"closed","template":"","meta":{"_monsterinsights_skip_tracking":false,"_monsterinsights_sitenote_active":false,"_monsterinsights_sitenote_note":"","_monsterinsights_sitenote_category":0},"_links":{"self":[{"href":"https:\/\/bcgbdc35.fr\/index.php\/wp-json\/wp\/v2\/pages\/1809"}],"collection":[{"href":"https:\/\/bcgbdc35.fr\/index.php\/wp-json\/wp\/v2\/pages"}],"about":[{"href":"https:\/\/bcgbdc35.fr\/index.php\/wp-json\/wp\/v2\/types\/page"}],"author":[{"embeddable":true,"href":"https:\/\/bcgbdc35.fr\/index.php\/wp-json\/wp\/v2\/users\/6"}],"replies":[{"embeddable":true,"href":"https:\/\/bcgbdc35.fr\/index.php\/wp-json\/wp\/v2\/comments?post=1809"}],"version-history":[{"count":7,"href":"https:\/\/bcgbdc35.fr\/index.php\/wp-json\/wp\/v2\/pages\/1809\/revisions"}],"predecessor-version":[{"id":2608,"href":"https:\/\/bcgbdc35.fr\/index.php\/wp-json\/wp\/v2\/pages\/1809\/revisions\/2608"}],"wp:attachment":[{"href":"https:\/\/bcgbdc35.fr\/index.php\/wp-json\/wp\/v2\/media?parent=1809"}],"curies":[{"name":"wp","href":"https:\/\/api.w.org\/{rel}","templated":true}]}}